{"id":202,"date":"2022-10-26T15:09:00","date_gmt":"2022-10-26T13:09:00","guid":{"rendered":"https:\/\/www.kfedesfamilles.fr\/?page_id=202"},"modified":"2022-12-23T11:59:35","modified_gmt":"2022-12-23T10:59:35","slug":"soutiens-et-partenaires","status":"publish","type":"page","link":"https:\/\/www.kfedesfamilles.fr\/index.php\/soutiens-et-partenaires\/","title":{"rendered":"Soutiens et partenaires"},"content":{"rendered":"<p>[et_pb_section fb_built=&#8221;1&#8243; fullwidth=&#8221;on&#8221; _builder_version=&#8221;4.19.4&#8243; _module_preset=&#8221;default&#8221; global_colors_info=&#8221;{}&#8221;][et_pb_fullwidth_image src=&#8221;https:\/\/www.kfedesfamilles.fr\/wp-content\/uploads\/2022\/12\/Partenaires-01-01.png&#8221; title_text=&#8221;Partenaires-01-01&#8243; _builder_version=&#8221;4.19.4&#8243; _module_preset=&#8221;default&#8221; custom_padding=&#8221;41px|||||&#8221; global_colors_info=&#8221;{}&#8221;][\/et_pb_fullwidth_image][\/et_pb_section][et_pb_section fb_built=&#8221;1&#8243; _builder_version=&#8221;4.19.4&#8243; _module_preset=&#8221;default&#8221; global_colors_info=&#8221;{}&#8221;][et_pb_row column_structure=&#8221;1_3,1_3,1_3&#8243; _builder_version=&#8221;4.19.4&#8243; _module_preset=&#8221;default&#8221; global_colors_info=&#8221;{}&#8221;][et_pb_column type=&#8221;1_3&#8243; _builder_version=&#8221;4.19.4&#8243; _module_preset=&#8221;default&#8221; global_colors_info=&#8221;{}&#8221;][\/et_pb_column][et_pb_column type=&#8221;1_3&#8243; _builder_version=&#8221;4.19.4&#8243; _module_preset=&#8221;default&#8221; global_colors_info=&#8221;{}&#8221;][et_pb_image src=&#8221;https:\/\/www.kfedesfamilles.fr\/wp-content\/uploads\/2022\/12\/Sans-titre-2-02.png&#8221; title_text=&#8221;Sans titre &#8211; 2-02&#8243; align=&#8221;center&#8221; _builder_version=&#8221;4.19.4&#8243; _module_preset=&#8221;default&#8221; global_colors_info=&#8221;{}&#8221;][\/et_pb_image][\/et_pb_column][et_pb_column type=&#8221;1_3&#8243; _builder_version=&#8221;4.19.4&#8243; _module_preset=&#8221;default&#8221; global_colors_info=&#8221;{}&#8221;][\/et_pb_column][\/et_pb_row][et_pb_row _builder_version=&#8221;4.19.4&#8243; _module_preset=&#8221;default&#8221; global_colors_info=&#8221;{}&#8221;][et_pb_column type=&#8221;4_4&#8243; _builder_version=&#8221;4.19.4&#8243; _module_preset=&#8221;default&#8221; global_colors_info=&#8221;{}&#8221;][et_pb_gallery gallery_ids=&#8221;428,422,427,426,425,424,423,421&#8243; posts_number=&#8221;10&#8243; show_title_and_caption=&#8221;off&#8221; show_pagination=&#8221;off&#8221; zoom_icon_color=&#8221;RGBA(255,255,255,0)&#8221; hover_overlay_color=&#8221;rgba(0,0,0,0.06)&#8221; _builder_version=&#8221;4.19.4&#8243; _module_preset=&#8221;default&#8221; global_colors_info=&#8221;{}&#8221;][\/et_pb_gallery][\/et_pb_column][\/et_pb_row][et_pb_row _builder_version=&#8221;4.19.4&#8243; _module_preset=&#8221;default&#8221; column_structure=&#8221;1_2,1_2&#8243; custom_padding=&#8221;93px|||||&#8221;][et_pb_column _builder_version=&#8221;4.19.4&#8243; _module_preset=&#8221;default&#8221; type=&#8221;1_2&#8243;][et_pb_text _builder_version=&#8221;4.19.4&#8243; _module_preset=&#8221;default&#8221; hover_enabled=&#8221;0&#8243; sticky_enabled=&#8221;0&#8243;]<\/p>\n<p>AFL<br \/>Amicale des Locataires du Port de la Lune<br \/>Atelier D\u00e9co Solidaire<br \/>B2M<br \/>Biblioth\u00e8que de Bacalan<br \/>Bordeaux Athl\u00e9tic Club<br \/>Boxing Club<br \/>Bruit du Frigo<br \/>CAF<br \/>CCAS<br \/>Cap Sciences<br \/>Centre d\u2019animation de Bacalan<br \/>Club et comptines<br \/>Coiffeuse la roue libre<br \/>Comic Bacalan<br \/>Compagnons b\u00e2tisseurs<br \/>Conseil Citoyen<br \/>Contr\u00f4le Z<br \/>D\u00e9veloppement social urbain<br \/>Ecole Achard<br \/>Ecole Anne Sylvestre<br \/>Ecole Charles Martin \/ Coll\u00e8ge Blanqui<br \/>Ecole Point du Jour<br \/>Garage Moderne<br \/>Gargantua<br \/>GIP (Bx m\u00e9diation ?)<br \/>Graphicolor<br \/>Globe Th\u00e9\u00e2tre<br \/>Ikiga\u00ef<br \/>Interlude<br \/>Jur\u00e9ma massage<\/p>\n<p>[\/et_pb_text][\/et_pb_column][et_pb_column _builder_version=&#8221;4.19.4&#8243; _module_preset=&#8221;default&#8221; type=&#8221;1_2&#8243;][et_pb_text _builder_version=&#8221;4.19.4&#8243; _module_preset=&#8221;default&#8221; hover_enabled=&#8221;0&#8243; sticky_enabled=&#8221;0&#8243;]<\/p>\n<p>Labajour<br \/>LABO<br \/>La librairie des Chartrons<br \/>La petite plante qui pousse<br \/>Le Cerisier<br \/>Le pressoir des chartrons<br \/>Le Relais<br \/>Les Mains pour le Dire<br \/>Les p\u2019tits d\u00e9brouillards aquitaine<br \/>Les P\u2019tits sages<br \/>Ligue de l\u2019enseignement<br \/>Marie Coaching<br \/>Maman tu es belle<br \/>Mascaret<br \/>MDSI<br \/>Mus\u00e9e des Beaux-Arts<br \/>Mus\u00e9e d\u2019Aquitaine<br \/>Mus\u00e9e national des douanes<br \/>New Basket Attitude<br \/>parrainage 33<br \/>Petits D\u00e9brouillards Nouvelle Aquitaine<br \/>Place aux jardins<br \/>R\u00e9gie de Quartier Habiter Bacalan<br \/>Ricochet Sonore<br \/>sb design<br \/>Supr\u00eame boisson<br \/>Ubaps<br \/>Ulysse \u00e9veil aux langues<br \/>Utopik Factory<br \/>vivons ensemble 33<br \/>VRAC<br \/>Z\u00f9&#8230;<\/p>\n<p>&nbsp;<\/p>\n<p>[\/et_pb_text][\/et_pb_column][\/et_pb_row][\/et_pb_section]<\/p>\n","protected":false},"excerpt":{"rendered":"<p>AFLAmicale des Locataires du Port de la LuneAtelier D\u00e9co SolidaireB2MBiblioth\u00e8que de BacalanBordeaux Athl\u00e9tic ClubBoxing ClubBruit du FrigoCAFCCASCap SciencesCentre d\u2019animation de BacalanClub et comptinesCoiffeuse la roue libreComic BacalanCompagnons b\u00e2tisseursConseil CitoyenContr\u00f4le ZD\u00e9veloppement [&hellip;]<\/p>\n","protected":false},"author":1,"featured_media":0,"parent":0,"menu_order":0,"comment_status":"closed","ping_status":"closed","template":"","meta":{"_et_pb_use_builder":"on","_et_pb_old_content":"","_et_gb_content_width":"","_price":"","_stock":"","_tribe_ticket_header":"","_tribe_default_ticket_provider":"","_ticket_start_date":"","_ticket_end_date":"","_tribe_ticket_show_description":"","_tribe_ticket_show_not_going":false,"_tribe_ticket_use_global_stock":"","_tribe_ticket_global_stock_level":"","_global_stock_mode":"","_global_stock_cap":"","_tribe_rsvp_for_event":"","_tribe_ticket_going_count":"","_tribe_ticket_not_going_count":"","_tribe_tickets_list":"[]","_tribe_ticket_has_attendee_info_fields":false,"footnotes":"","_tec_slr_enabled":"","_tec_slr_layout":""},"class_list":["post-202","page","type-page","status-publish","hentry"],"ticketed":false,"_links":{"self":[{"href":"https:\/\/www.kfedesfamilles.fr\/index.php\/wp-json\/wp\/v2\/pages\/202","targetHints":{"allow":["GET"]}}],"collection":[{"href":"https:\/\/www.kfedesfamilles.fr\/index.php\/wp-json\/wp\/v2\/pages"}],"about":[{"href":"https:\/\/www.kfedesfamilles.fr\/index.php\/wp-json\/wp\/v2\/types\/page"}],"author":[{"embeddable":true,"href":"https:\/\/www.kfedesfamilles.fr\/index.php\/wp-json\/wp\/v2\/users\/1"}],"replies":[{"embeddable":true,"href":"https:\/\/www.kfedesfamilles.fr\/index.php\/wp-json\/wp\/v2\/comments?post=202"}],"version-history":[{"count":0,"href":"https:\/\/www.kfedesfamilles.fr\/index.php\/wp-json\/wp\/v2\/pages\/202\/revisions"}],"wp:attachment":[{"href":"https:\/\/www.kfedesfamilles.fr\/index.php\/wp-json\/wp\/v2\/media?parent=202"}],"curies":[{"name":"wp","href":"https:\/\/api.w.org\/{rel}","templated":true}]}}